{"id":14305,"date":"2024-02-07T14:57:24","date_gmt":"2024-02-07T14:57:24","guid":{"rendered":"https:\/\/viceversa.swiss\/?post_type=product&#038;p=14305"},"modified":"2024-02-07T15:06:16","modified_gmt":"2024-02-07T15:06:16","slug":"outils-de-communication-pour-le-marketing-et-les-responsables-de-vente","status":"publish","type":"product","link":"https:\/\/rideforlife.ch\/fr\/produit\/outils-de-communication-pour-le-marketing-et-les-responsables-de-vente\/","title":{"rendered":"Outils de communication pour les responsables du marketing et de la vente"},"content":{"rendered":"<p>Cet ouvrage sp\u00e9cialis\u00e9 pr\u00e9sente les instruments de communication les plus courants, montre leurs possibilit\u00e9s d'utilisation et explique des approches de mise en \u0153uvre \u00e0 l'aide d'exemples pratiques. Le d\u00e9veloppement de certains concepts est \u00e9galement pr\u00e9sent\u00e9, tout comme les instruments de mesure de l'efficacit\u00e9.<\/p>\n<div class=\"gdlr-core-pbf-element\">\n<div class=\"gdlr-core-text-box-item gdlr-core-item-pdlr gdlr-core-item-pdb gdlr-core-left-align gdlr-core-no-p-space\">\n<div class=\"gdlr-core-text-box-item-content\">\n<div class=\"gdlr-core-pbf-element\">\n<div class=\"gdlr-core-text-box-item gdlr-core-item-pdlr gdlr-core-item-pdb gdlr-core-left-align gdlr-core-no-p-space\">\n<div class=\"gdlr-core-text-box-item-content\">\n<p>Contenu<\/p>\n<\/div>\n<\/div>\n<\/div>\n<div class=\"gdlr-core-pbf-element\">\n<div class=\"gdlr-core-icon-list-item gdlr-core-item-pdlr gdlr-core-item-pdb clearfix gdlr-core-left-align gdlr-core-style-1\">\n<ul>\n<li class=\"gdlr-core-skin-divider clearfix\"><i class=\"gdlr-core-icon-list-icon fa fa-angle-right\"><\/i>\n<div class=\"gdlr-core-icon-list-content-wrap\"><span class=\"gdlr-core-icon-list-content\">Publicit\u00e9 dans les m\u00e9dias<\/span><\/div>\n<\/li>\n<li class=\"gdlr-core-skin-divider clearfix\"><i class=\"gdlr-core-icon-list-icon fa fa-angle-right\"><\/i>\n<div class=\"gdlr-core-icon-list-content-wrap\"><span class=\"gdlr-core-icon-list-content\">Concept publicitaire<\/span><\/div>\n<\/li>\n<li class=\"gdlr-core-skin-divider clearfix\"><i class=\"gdlr-core-icon-list-icon fa fa-angle-right\"><\/i>\n<div class=\"gdlr-core-icon-list-content-wrap\"><span class=\"gdlr-core-icon-list-content\">Promotion des ventes<\/span><\/div>\n<\/li>\n<li class=\"gdlr-core-skin-divider clearfix\"><i class=\"gdlr-core-icon-list-icon fa fa-angle-right\"><\/i>\n<div class=\"gdlr-core-icon-list-content-wrap\"><span class=\"gdlr-core-icon-list-content\">Marketing \u00e9v\u00e9nementiel<\/span><\/div>\n<\/li>\n<li class=\"gdlr-core-skin-divider clearfix\"><i class=\"gdlr-core-icon-list-icon fa fa-angle-right\"><\/i>\n<div class=\"gdlr-core-icon-list-content-wrap\"><span class=\"gdlr-core-icon-list-content\">Foires et expositions<\/span><\/div>\n<\/li>\n<li class=\"gdlr-core-skin-divider clearfix\"><i class=\"gdlr-core-icon-list-icon fa fa-angle-right\"><\/i>\n<div class=\"gdlr-core-icon-list-content-wrap\"><span class=\"gdlr-core-icon-list-content\">Sponsoring<\/span><\/div>\n<\/li>\n<li class=\"gdlr-core-skin-divider clearfix\"><i class=\"gdlr-core-icon-list-icon fa fa-angle-right\"><\/i>\n<div class=\"gdlr-core-icon-list-content-wrap\"><span class=\"gdlr-core-icon-list-content\">Marketing de dialogue<\/span><\/div>\n<\/li>\n<li class=\"gdlr-core-skin-divider clearfix\"><i class=\"gdlr-core-icon-list-icon fa fa-angle-right\"><\/i>\n<div class=\"gdlr-core-icon-list-content-wrap\"><span class=\"gdlr-core-icon-list-content\">M\u00e9dias sociaux<\/span><\/div>\n<\/li>\n<li class=\"gdlr-core-skin-divider clearfix\"><i class=\"gdlr-core-icon-list-icon fa fa-angle-right\"><\/i>\n<div class=\"gdlr-core-icon-list-content-wrap\"><span class=\"gdlr-core-icon-list-content\">Recherche en communication<\/span><\/div>\n<\/li>\n<\/ul>\n<\/div>\n<\/div>\n<\/div>\n<\/div>\n<\/div>","protected":false},"excerpt":{"rendered":"<div class=\"gdlr-core-pbf-element\">\n<div class=\"gdlr-core-text-box-item gdlr-core-item-pdlr gdlr-core-item-pdb gdlr-core-left-align gdlr-core-no-p-space\">\n<div class=\"gdlr-core-text-box-item-content\">\n<p>Cet ouvrage sp\u00e9cialis\u00e9 pr\u00e9sente les instruments de communication les plus courants, montre leurs possibilit\u00e9s d'utilisation et explique des approches de mise en \u0153uvre \u00e0 l'aide d'exemples pratiques. Le d\u00e9veloppement de certains concepts est \u00e9galement pr\u00e9sent\u00e9, tout comme les instruments de mesure de l'efficacit\u00e9.<\/p>\n<\/div>\n<\/div>\n<\/div>\n<div class=\"gdlr-core-pbf-element\">\n<div class=\"gdlr-core-text-box-item gdlr-core-item-pdlr gdlr-core-item-pdb gdlr-core-left-align gdlr-core-no-p-space\">\n<div class=\"gdlr-core-text-box-item-content\">\n<p>Contenu<\/p>\n<\/div>\n<\/div>\n<\/div>\n<div class=\"gdlr-core-pbf-element\">\n<div class=\"gdlr-core-icon-list-item gdlr-core-item-pdlr gdlr-core-item-pdb clearfix  gdlr-core-left-align gdlr-core-style-1\">\n<ul>\n<li class=\"gdlr-core-skin-divider clearfix\"><i class=\"gdlr-core-icon-list-icon fa fa-angle-right\"><\/i>\n<div class=\"gdlr-core-icon-list-content-wrap\"><span class=\"gdlr-core-icon-list-content\">Publicit\u00e9 dans les m\u00e9dias<\/span><\/div>\n<\/li>\n<li class=\"gdlr-core-skin-divider clearfix\"><i class=\"gdlr-core-icon-list-icon fa fa-angle-right\"><\/i>\n<div class=\"gdlr-core-icon-list-content-wrap\"><span class=\"gdlr-core-icon-list-content\">Concept publicitaire<\/span><\/div>\n<\/li>\n<li class=\"gdlr-core-skin-divider clearfix\"><i class=\"gdlr-core-icon-list-icon fa fa-angle-right\"><\/i>\n<div class=\"gdlr-core-icon-list-content-wrap\"><span class=\"gdlr-core-icon-list-content\">Promotion des ventes<\/span><\/div>\n<\/li>\n<li class=\"gdlr-core-skin-divider clearfix\"><i class=\"gdlr-core-icon-list-icon fa fa-angle-right\"><\/i>\n<div class=\"gdlr-core-icon-list-content-wrap\"><span class=\"gdlr-core-icon-list-content\">Marketing \u00e9v\u00e9nementiel<\/span><\/div>\n<\/li>\n<li class=\"gdlr-core-skin-divider clearfix\"><i class=\"gdlr-core-icon-list-icon fa fa-angle-right\"><\/i>\n<div class=\"gdlr-core-icon-list-content-wrap\"><span class=\"gdlr-core-icon-list-content\">Foires et expositions<\/span><\/div>\n<\/li>\n<li class=\"gdlr-core-skin-divider clearfix\"><i class=\"gdlr-core-icon-list-icon fa fa-angle-right\"><\/i>\n<div class=\"gdlr-core-icon-list-content-wrap\"><span class=\"gdlr-core-icon-list-content\">Sponsoring<\/span><\/div>\n<\/li>\n<li class=\"gdlr-core-skin-divider clearfix\"><i class=\"gdlr-core-icon-list-icon fa fa-angle-right\"><\/i>\n<div class=\"gdlr-core-icon-list-content-wrap\"><span class=\"gdlr-core-icon-list-content\">Marketing de dialogue<\/span><\/div>\n<\/li>\n<li class=\"gdlr-core-skin-divider clearfix\"><i class=\"gdlr-core-icon-list-icon fa fa-angle-right\"><\/i>\n<div class=\"gdlr-core-icon-list-content-wrap\"><span class=\"gdlr-core-icon-list-content\">M\u00e9dias sociaux<\/span><\/div>\n<\/li>\n<li class=\"gdlr-core-skin-divider clearfix\"><i class=\"gdlr-core-icon-list-icon fa fa-angle-right\"><\/i>\n<div class=\"gdlr-core-icon-list-content-wrap\"><span class=\"gdlr-core-icon-list-content\">Recherche en communication<\/span><\/div>\n<\/li>\n<\/ul>\n<\/div>\n<\/div>","protected":false},"featured_media":0,"template":"","meta":{"om_disable_all_campaigns":false,"_monsterinsights_skip_tracking":false,"_monsterinsights_sitenote_active":false,"_monsterinsights_sitenote_note":"","_monsterinsights_sitenote_category":0},"product_brand":[],"product_cat":[96],"product_tag":[95,98],"class_list":{"0":"post-14305","1":"product","2":"type-product","3":"status-publish","5":"product_cat-online-security","6":"product_tag-network","7":"product_tag-security","9":"first","10":"instock","11":"shipping-taxable","12":"purchasable","13":"product-type-simple"},"aioseo_notices":[],"jetpack_sharing_enabled":true,"_links":{"self":[{"href":"https:\/\/rideforlife.ch\/fr\/wp-json\/wp\/v2\/product\/14305","targetHints":{"allow":["GET"]}}],"collection":[{"href":"https:\/\/rideforlife.ch\/fr\/wp-json\/wp\/v2\/product"}],"about":[{"href":"https:\/\/rideforlife.ch\/fr\/wp-json\/wp\/v2\/types\/product"}],"version-history":[{"count":2,"href":"https:\/\/rideforlife.ch\/fr\/wp-json\/wp\/v2\/product\/14305\/revisions"}],"predecessor-version":[{"id":14307,"href":"https:\/\/rideforlife.ch\/fr\/wp-json\/wp\/v2\/product\/14305\/revisions\/14307"}],"wp:attachment":[{"href":"https:\/\/rideforlife.ch\/fr\/wp-json\/wp\/v2\/media?parent=14305"}],"wp:term":[{"taxonomy":"product_brand","embeddable":true,"href":"https:\/\/rideforlife.ch\/fr\/wp-json\/wp\/v2\/product_brand?post=14305"},{"taxonomy":"product_cat","embeddable":true,"href":"https:\/\/rideforlife.ch\/fr\/wp-json\/wp\/v2\/product_cat?post=14305"},{"taxonomy":"product_tag","embeddable":true,"href":"https:\/\/rideforlife.ch\/fr\/wp-json\/wp\/v2\/product_tag?post=14305"}],"curies":[{"name":"wp","href":"https:\/\/api.w.org\/{rel}","templated":true}]}}