{"id":14310,"date":"2024-02-07T16:19:51","date_gmt":"2024-02-07T16:19:51","guid":{"rendered":"https:\/\/viceversa.swiss\/?post_type=product&#038;p=14310"},"modified":"2024-02-07T16:40:13","modified_gmt":"2024-02-07T16:40:13","slug":"communication-integree","status":"publish","type":"product","link":"https:\/\/rideforlife.ch\/fr\/produit\/communication-integree\/","title":{"rendered":"Communication int\u00e9gr\u00e9e"},"content":{"rendered":"<p>Qu'il s'agisse de petites, moyennes ou grandes entreprises, la communication strat\u00e9gique constitue la base de toutes les activit\u00e9s de communication. Cet ouvrage sp\u00e9cialis\u00e9 d\u00e9crit comment fonctionne la communication, comment sont con\u00e7ues la communication d'entreprise et la communication marketing vers l'int\u00e9rieur et l'ext\u00e9rieur, les relations publiques, l'identit\u00e9 d'entreprise et une culture d'entreprise forte. Il vise \u00e0 fournir des pistes de r\u00e9flexion sur les questions suivantes : Qu'est-ce qui rend notre marque unique pour nos groupes cibles ? Quelle strat\u00e9gie de marque utilisons-nous pour cela ? Quels sont les instruments de communication pertinents ?<\/p>\n<div class=\"gdlr-core-pbf-element\">\n<div class=\"gdlr-core-text-box-item gdlr-core-item-pdlr gdlr-core-item-pdb gdlr-core-left-align gdlr-core-no-p-space\">\n<div class=\"gdlr-core-text-box-item-content\">\n<p>Contenu<\/p>\n<\/div>\n<\/div>\n<\/div>\n<div class=\"gdlr-core-pbf-element\">\n<div class=\"gdlr-core-icon-list-item gdlr-core-item-pdlr gdlr-core-item-pdb clearfix gdlr-core-left-align gdlr-core-style-1\">\n<ul>\n<li class=\"gdlr-core-skin-divider clearfix\">\n<div class=\"gdlr-core-icon-list-content-wrap\"><span class=\"gdlr-core-icon-list-content\">Les bases de la politique de communication<\/span><i class=\"gdlr-core-icon-list-icon fa fa-angle-right\"><\/i><\/div>\n<\/li>\n<li class=\"gdlr-core-skin-divider clearfix\">\n<div class=\"gdlr-core-icon-list-content-wrap\"><i class=\"gdlr-core-icon-list-icon fa fa-angle-right\"><\/i><span class=\"gdlr-core-icon-list-content\">Communication d'entreprise<\/span><i class=\"gdlr-core-icon-list-icon fa fa-angle-right\"><\/i><\/div>\n<\/li>\n<li class=\"gdlr-core-skin-divider clearfix\">\n<div class=\"gdlr-core-icon-list-content-wrap\"><i class=\"gdlr-core-icon-list-icon fa fa-angle-right\"><\/i><span class=\"gdlr-core-icon-list-content\">Identit\u00e9 d'entreprise et image d'entreprise<\/span><\/div>\n<\/li>\n<li class=\"gdlr-core-skin-divider clearfix\">\n<div class=\"gdlr-core-icon-list-content-wrap\">Relations publiques<\/div>\n<\/li>\n<li class=\"gdlr-core-skin-divider clearfix\">\n<div class=\"gdlr-core-icon-list-content-wrap\">Gestion et entretien de la marque<\/div>\n<\/li>\n<li class=\"gdlr-core-skin-divider clearfix\">\n<div class=\"gdlr-core-icon-list-content-wrap\">Gestion de la relation client<\/div>\n<\/li>\n<li class=\"gdlr-core-skin-divider clearfix\">\n<div class=\"gdlr-core-icon-list-content-wrap\">Communication avec les collaborateurs<\/div>\n<\/li>\n<li class=\"gdlr-core-skin-divider clearfix\">\n<div class=\"gdlr-core-icon-list-content-wrap\">M\u00e9dias d'entreprise<\/div>\n<\/li>\n<li class=\"gdlr-core-skin-divider clearfix\">\n<div class=\"gdlr-core-icon-list-content-wrap\">Collaboration avec des agences<\/div>\n<\/li>\n<\/ul>\n<\/div>\n<\/div>","protected":false},"excerpt":{"rendered":"<p>Aenean eu leo quam. Pellentesque ornare sem lacinia quam venenatis vestibulum. Aenean eu leo quam. Pellentesque ornare sem lacinia quam venenatis vestibulum. Vestibulum id ligula porta felis euismod semper. Duis mollis, est non commodo luctus, nisi erat porttitor ligula, eget lacinia odio sem nec elit. Donec sed odio dui. Donec ullamcorper nulla non metus auctor fringilla. Cras justo odio, dapibus ac facilisis in, egestas eget quam.<\/p>","protected":false},"featured_media":0,"template":"","meta":{"om_disable_all_campaigns":false,"_monsterinsights_skip_tracking":false,"_monsterinsights_sitenote_active":false,"_monsterinsights_sitenote_note":"","_monsterinsights_sitenote_category":0},"product_brand":[],"product_cat":[96],"product_tag":[95,98],"class_list":{"0":"post-14310","1":"product","2":"type-product","3":"status-publish","5":"product_cat-online-security","6":"product_tag-network","7":"product_tag-security","9":"first","10":"instock","11":"shipping-taxable","12":"purchasable","13":"product-type-simple"},"aioseo_notices":[],"jetpack_sharing_enabled":true,"_links":{"self":[{"href":"https:\/\/rideforlife.ch\/fr\/wp-json\/wp\/v2\/product\/14310","targetHints":{"allow":["GET"]}}],"collection":[{"href":"https:\/\/rideforlife.ch\/fr\/wp-json\/wp\/v2\/product"}],"about":[{"href":"https:\/\/rideforlife.ch\/fr\/wp-json\/wp\/v2\/types\/product"}],"version-history":[{"count":1,"href":"https:\/\/rideforlife.ch\/fr\/wp-json\/wp\/v2\/product\/14310\/revisions"}],"predecessor-version":[{"id":14311,"href":"https:\/\/rideforlife.ch\/fr\/wp-json\/wp\/v2\/product\/14310\/revisions\/14311"}],"wp:attachment":[{"href":"https:\/\/rideforlife.ch\/fr\/wp-json\/wp\/v2\/media?parent=14310"}],"wp:term":[{"taxonomy":"product_brand","embeddable":true,"href":"https:\/\/rideforlife.ch\/fr\/wp-json\/wp\/v2\/product_brand?post=14310"},{"taxonomy":"product_cat","embeddable":true,"href":"https:\/\/rideforlife.ch\/fr\/wp-json\/wp\/v2\/product_cat?post=14310"},{"taxonomy":"product_tag","embeddable":true,"href":"https:\/\/rideforlife.ch\/fr\/wp-json\/wp\/v2\/product_tag?post=14310"}],"curies":[{"name":"wp","href":"https:\/\/api.w.org\/{rel}","templated":true}]}}